{"id":371,"date":"2024-09-18T17:57:20","date_gmt":"2024-09-18T21:57:20","guid":{"rendered":"https:\/\/iqsalud.app\/iqtag\/?page_id=371"},"modified":"2025-09-25T00:46:36","modified_gmt":"2025-09-25T04:46:36","slug":"terminos-y-condiciones","status":"publish","type":"page","link":"https:\/\/iqsalud.app\/iqtag\/terminos-y-condiciones\/","title":{"rendered":"Terminos y condiciones"},"content":{"rendered":"\t\t<div data-elementor-type=\"wp-page\" data-elementor-id=\"371\" class=\"elementor elementor-371\" data-elementor-post-type=\"page\">\n\t\t\t\t<div class=\"elementor-element elementor-element-56457cbb e-con-full e-flex e-con e-parent\" data-id=\"56457cbb\" data-element_type=\"container\" data-e-type=\"container\">\n\t\t\t\t<div class=\"elementor-element elementor-element-75121fae elementor-widget-mobile__width-auto elementor-widget elementor-widget-text-editor\" data-id=\"75121fae\" data-element_type=\"widget\" data-e-type=\"widget\" data-widget_type=\"text-editor.default\">\n\t\t\t\t<div class=\"elementor-widget-container\">\n\t\t\t\t\t\t\t\t\t<p style=\"text-align: center;\"><strong>Terminos y Condiciones iQtag<\/strong><\/p>\n<p>\u00a0<\/p>\n<p><strong><span style=\"text-align: var(--text-align); background-color: var(--wp--preset--color--base-2);\">Qu\u00e9 es iQtag?<\/span><\/strong><\/p>\n<p>iQtag es un producto de IQ3 C.A. empresa de desarrollo de soluciones y productos tecnol\u00f3gicos.<\/p>\n<p>iQtag es un sistema que lo integran plataforma online y credencial f\u00edsica con datos del usuario para casos de emergencias que incluye informaci\u00f3n personal b\u00e1sica, informaci\u00f3n de\u00a0persona de contacto para estos casos, y datos m\u00e9dicos importantes como grupo sangu\u00edneo,\u00a0patolog\u00edas y tratamientos, as\u00ed como informaci\u00f3n de seguro m\u00e9dico en caso de poseerlo.<\/p>\n<p><strong>Responsabilidad Limitada<\/strong><\/p>\n<p>Si bien iQtag hace todo lo posible para presentar informaci\u00f3n precisa, confiable y actualizada en\u00a0su plataforma, iQtag, sus creadores y patrocinadores no respaldan, ni certifican dicha\u00a0informaci\u00f3n, ni garantizan su precisi\u00f3n.<\/p>\n<p>La responsabilidad de iQtag se limita a mantener y administrar la plataforma para que los\u00a0usuarios puedan hacer uso de ella y de sus beneficios, quedando exclusivamente bajo su\u00a0autor\u00eda y responsabilidad la informaci\u00f3n que ellos ingresan a su perfil en iQtag, lo cual se refleja\u00a0como copia fiel en la impresi\u00f3n f\u00edsica de la credencial iQtag de cada usuario.\u00a0En tal sentido el usuario acepta y autoriza a iQtag y a sus creadores para la impresi\u00f3n de las credenciales f\u00edsicas iQtag contentiva de la informaci\u00f3n dispuesta e ingresada por los usuarios para tales fines.<\/p>\n<p>iQtag no suple ni tiene ning\u00fan valor de credencial de identificaci\u00f3n personal ante autoridades y\u00a0entes gubernamentales. Su uso es exclusivo como herramienta de informaci\u00f3n vital ante emergencias en el sentido de dar aviso a las personas de contacto o para comunicar informaci\u00f3n de inter\u00e9s para el personal de asistencia en primera l\u00ednea.<\/p>\n<p>Toda la informaci\u00f3n contenida en las credenciales iQtag y en las cuentas de usuarios son generadas y administradas por el propio usuario, por lo que es el responsable de las\u00a0consecuencias derivada de su contenido y uso de dicha informaci\u00f3n, librando de toda\u00a0responsabilidad a iQtag y sus creadores.<\/p>\n<p>Para obtener m\u00e1s informaci\u00f3n, comun\u00edquese con soporteiqtag@gmail.com<!-- \/wp:heading --><!-- wp:paragraph --><!-- \/wp:paragraph --><!-- wp:paragraph --><\/p>\n<p><strong>Vigencia o Duraci\u00f3n<\/strong><\/p>\n<p>El valor de iqtag da acceso al uso de la plataforma iQTAG y de sus funciones durante el tiempo de 01 a\u00f1o a partir del momento en que adquiere el producto. Despu\u00e9s de expirado ese tiempo deber\u00e1 renovar el acceso a la misma comunic\u00e1ndose a soporte t\u00e9cnico con su agente comercializador o representante de venta. En el caso de que la credencial o pl\u00e1stico presente deterioro dentro de ese lapso de tiempo sol\u00f3 generar\u00e1 cargos de acuerdo al valor de reimpresi\u00f3n de la credencial seg\u00fan la tarifa correspondiente para ese momento.\u00a0<\/p>\n<p><!-- \/wp:paragraph --><br \/><!-- wp:heading --><\/p>\n<p>\u00a0<\/p>\n<p><!-- \/wp:heading --><br \/><!-- wp:paragraph --><\/p>\n<p>\u00a0<\/p>\n<p><!-- \/wp:paragraph --><br \/><!-- wp:heading --><\/p>\n<p>\u00a0<\/p>\n<p><!-- \/wp:paragraph --><br \/><!-- wp:paragraph --><\/p>\n<p>\u00a0<\/p>\n<p><!-- \/wp:paragraph --><br \/><!-- wp:paragraph --><\/p>\n<p>\u00a0<\/p>\n<p><!-- \/wp:paragraph --><br \/><!-- wp:paragraph --><\/p>\n<p>\u00a0<\/p>\n<p><!-- \/wp:heading --><br \/><!-- wp:paragraph --><\/p>\n<p>\u00a0<\/p>\n<p><!-- \/wp:paragraph --><br \/><!-- wp:paragraph --><\/p>\n<p>\u00a0<\/p>\n<p><!-- \/wp:paragraph --><br \/><!-- wp:heading --><\/p>\n<p>\u00a0<\/p>\n<p><!-- \/wp:paragraph --><\/p>\t\t\t\t\t\t\t\t<\/div>\n\t\t\t\t<\/div>\n\t\t\t\t<\/div>\n\t\t\t\t<\/div>\n\t\t","protected":false},"excerpt":{"rendered":"<p>Terminos y Condiciones iQtag \u00a0 Qu\u00e9 es iQtag? iQtag es un producto de IQ3 C.A. empresa de desarrollo de soluciones y productos tecnol\u00f3gicos. iQtag es un sistema que lo integran plataforma online y credencial f\u00edsica con datos del usuario para casos de emergencias que incluye informaci\u00f3n personal b\u00e1sica, informaci\u00f3n de\u00a0persona de contacto para estos casos, [&hellip;]<\/p>\n","protected":false},"author":1,"featured_media":0,"parent":0,"menu_order":0,"comment_status":"closed","ping_status":"open","template":"","meta":{"footnotes":""},"class_list":["post-371","page","type-page","status-publish","hentry"],"_links":{"self":[{"href":"https:\/\/iqsalud.app\/iqtag\/wp-json\/wp\/v2\/pages\/371","targetHints":{"allow":["GET"]}}],"collection":[{"href":"https:\/\/iqsalud.app\/iqtag\/wp-json\/wp\/v2\/pages"}],"about":[{"href":"https:\/\/iqsalud.app\/iqtag\/wp-json\/wp\/v2\/types\/page"}],"author":[{"embeddable":true,"href":"https:\/\/iqsalud.app\/iqtag\/wp-json\/wp\/v2\/users\/1"}],"replies":[{"embeddable":true,"href":"https:\/\/iqsalud.app\/iqtag\/wp-json\/wp\/v2\/comments?post=371"}],"version-history":[{"count":7,"href":"https:\/\/iqsalud.app\/iqtag\/wp-json\/wp\/v2\/pages\/371\/revisions"}],"predecessor-version":[{"id":1052,"href":"https:\/\/iqsalud.app\/iqtag\/wp-json\/wp\/v2\/pages\/371\/revisions\/1052"}],"wp:attachment":[{"href":"https:\/\/iqsalud.app\/iqtag\/wp-json\/wp\/v2\/media?parent=371"}],"curies":[{"name":"wp","href":"https:\/\/api.w.org\/{rel}","templated":true}]}}